{"id":1488,"date":"2019-10-22T18:43:38","date_gmt":"2019-10-22T18:43:38","guid":{"rendered":"http:\/\/catusbastet.com\/?page_id=1488"},"modified":"2023-04-11T09:30:12","modified_gmt":"2023-04-11T09:30:12","slug":"inicio","status":"publish","type":"page","link":"https:\/\/catusbastet.com\/","title":{"rendered":"Inicio"},"content":{"rendered":"<h6>\n\t\t\t\t\t\tPago con tarjeta<br \/>\n\t\t\t\t<\/h6>\n<h6>\n\t\t\t\t\t\tPago por transferencia<br \/>\n\t\t\t\t<\/h6>\n<h6>\n\t\t\t\t\t\tRecogida local (Madrid)<br \/>\n\t\t\t\t<\/h6>\n<h6>\n\t\t\t\t\t\tEnv\u00edo gratis en compras a partir de 75\u20ac<br \/>\n\t\t\t\t<\/h6>\n<h6>\n\t\t\t\t\t\tEnv\u00edos dentro del estado<br \/>\n\t\t\t\t<\/h6>\n<h1>Nuestras camisetas, las de siempre y novedades<\/h1>\n<p>\t\t\t<a href=\"https:\/\/catusbastet.com\/?product_cat=camisetas\" role=\"button\"><br \/>\n\t\t\t\t\t\tDale aqu\u00ed para verlas todas<br \/>\n\t\t\t\t\t<\/a><\/p>\n<figure><img decoding=\"async\" src=\"https:\/\/catusbastet.com\/wp-content\/uploads\/2022\/12\/creator_prender-todo_detalle-300x300.jpg\" alt=\"creator_prender-todo_detalle\" \/><\/figure>\n<figure><img decoding=\"async\" src=\"https:\/\/catusbastet.com\/wp-content\/uploads\/2022\/12\/creator_no-me-digas_detalle-300x300.jpg\" alt=\"creator_no-me-digas_detalle\" \/><\/figure>\n<figure><img decoding=\"async\" src=\"https:\/\/catusbastet.com\/wp-content\/uploads\/2022\/12\/creator_bollera_detalle-300x300.jpg\" alt=\"creator_bollera_detalle\" \/><\/figure>\n<figure><img decoding=\"async\" src=\"https:\/\/catusbastet.com\/wp-content\/uploads\/2022\/12\/creator_autodefensa-feminista_detalle-300x300.jpg\" alt=\"creator_autodefensa-feminista_detalle\" \/><\/figure>\n<figure><img decoding=\"async\" src=\"https:\/\/catusbastet.com\/wp-content\/uploads\/2022\/12\/creator_akelarre-felino_detalle-300x300.jpg\" alt=\"creator_akelarre-felino_detalle\" \/><\/figure>\n<figure><img decoding=\"async\" src=\"https:\/\/catusbastet.com\/wp-content\/uploads\/2022\/12\/creator_mutante_detalle-300x300.jpg\" alt=\"creator_mutante_detalle\" \/><\/figure>\n<figure><img decoding=\"async\" src=\"https:\/\/catusbastet.com\/wp-content\/uploads\/2022\/12\/creator_llorika_detalle-300x300.jpg\" alt=\"creator_llorika_detalle\" \/><\/figure>\n<figure><img decoding=\"async\" src=\"https:\/\/catusbastet.com\/wp-content\/uploads\/2022\/01\/camiseta_autodefensa-sororidad_detalle-300x300.jpg\" alt=\"camiseta_autodefensa-sororidad_detalle\" \/><\/figure>\n<figure><img decoding=\"async\" src=\"https:\/\/catusbastet.com\/wp-content\/uploads\/2022\/01\/camiseta_todo-mal-300x300.jpg\" alt=\"camiseta_todo-mal\" \/><\/figure>\n<figure><img decoding=\"async\" src=\"https:\/\/catusbastet.com\/wp-content\/uploads\/2022\/01\/camiseta_skate-like-a-girl_detalle-300x300.jpg\" alt=\"camiseta_skate-like-a-girl_detalle\" \/><\/figure>\n<p>\t\t\t\t\t\t\t\t\t\t\t\tAnterior<br \/>\n\t\t\t\t\t\t\t\t\t\t\t\tSiguiente<\/p>\n<h1>\u00bfTe gustan las pegatinas?<\/h1>\n<p style=\"text-align: center;\">A nosotras nos encantan, y por eso en nuestra tienda puedes encontrar mucha variedad, tanto de dise\u00f1os como de acabados: transparentes, hologr\u00e1ficas, en hojas o troqueladas, y m\u00e1s. Todas ellas de vinilo, resistente a ara\u00f1azos, al sol y al agua.<\/p>\n<figure><img decoding=\"async\" src=\"https:\/\/catusbastet.com\/wp-content\/uploads\/2021\/11\/pegatina_llorika_foto-300x300.jpg\" alt=\"pegatina_llorika_foto\" \/><\/figure>\n<figure><img decoding=\"async\" src=\"https:\/\/catusbastet.com\/wp-content\/uploads\/2020\/05\/pegatina_spray_foto-300x300.jpg\" alt=\"pegatina_spray_foto\" \/><\/figure>\n<figure><img decoding=\"async\" src=\"https:\/\/catusbastet.com\/wp-content\/uploads\/2020\/02\/pegatina_male-tears_foto-300x300.jpg\" alt=\"pegatina_male-tears_foto\" \/><\/figure>\n<figure><img decoding=\"async\" src=\"https:\/\/catusbastet.com\/wp-content\/uploads\/2021\/11\/pegatina_hacerse-bollera_foto-300x300.jpg\" alt=\"pegatina_hacerse-bollera_foto\" \/><\/figure>\n<figure><img decoding=\"async\" src=\"https:\/\/catusbastet.com\/wp-content\/uploads\/2020\/05\/pegatinas-hoja_les-ofendidites_foto2-300x300.jpg\" alt=\"pegatinas-hoja_les-ofendidites_foto2\" \/><\/figure>\n<figure><img decoding=\"async\" src=\"https:\/\/catusbastet.com\/wp-content\/uploads\/2020\/09\/pegatina_viajar-sola_foto-300x300.jpg\" alt=\"pegatina_viajar-sola_foto\" \/><\/figure>\n<figure><img decoding=\"async\" src=\"https:\/\/catusbastet.com\/wp-content\/uploads\/2020\/09\/pegatina_autodefensa-sororidad_foto-300x300.jpg\" alt=\"pegatina_autodefensa-sororidad_foto\" \/><\/figure>\n<figure><img decoding=\"async\" src=\"https:\/\/catusbastet.com\/wp-content\/uploads\/2020\/11\/pegatina_todo-mal_foto2-300x300.jpg\" alt=\"pegatina_todo-mal_foto2\" \/><\/figure>\n<figure><img decoding=\"async\" src=\"https:\/\/catusbastet.com\/wp-content\/uploads\/2020\/09\/pegatina_destruye-el-patriarcado_foto-300x300.jpg\" alt=\"pegatina_destruye-el-patriarcado_foto\" \/><\/figure>\n<figure><img decoding=\"async\" src=\"https:\/\/catusbastet.com\/wp-content\/uploads\/2020\/09\/pegatina_respondemos_foto-300x300.jpg\" alt=\"pegatina_respondemos_foto\" \/><\/figure>\n<figure><img decoding=\"async\" src=\"https:\/\/catusbastet.com\/wp-content\/uploads\/2020\/09\/pegatina_calle-noche_foto-300x300.jpg\" alt=\"pegatina_calle-noche_foto\" \/><\/figure>\n<figure><img decoding=\"async\" src=\"https:\/\/catusbastet.com\/wp-content\/uploads\/2021\/04\/pegatina_mutante_foto-300x300.jpg\" alt=\"pegatina_mutante_foto\" \/><\/figure>\n<figure><img decoding=\"async\" src=\"https:\/\/catusbastet.com\/wp-content\/uploads\/2021\/04\/pegatina_fight-like-a-girl_detalle-300x300.jpg\" alt=\"Pegatina - Fight Like a Girl\" \/><\/figure>\n<figure><img decoding=\"async\" src=\"https:\/\/catusbastet.com\/wp-content\/uploads\/2020\/06\/pegatinas-hoja_brujae_foto-300x300.jpg\" alt=\"pegatinas-hoja_brujae_foto\" \/><\/figure>\n<figure><img decoding=\"async\" src=\"https:\/\/catusbastet.com\/wp-content\/uploads\/2021\/04\/pegatina_videogame-like-a-girl_foto-300x300.jpg\" alt=\"pegatina_videogame-like-a-girl_foto\" \/><\/figure>\n<figure><img decoding=\"async\" src=\"https:\/\/catusbastet.com\/wp-content\/uploads\/2022\/11\/pegatina_quemar-todo_holo_foto-300x300.jpg\" alt=\"pegatina_quemar-todo_holo_foto\" \/><\/figure>\n<figure><img decoding=\"async\" src=\"https:\/\/catusbastet.com\/wp-content\/uploads\/2022\/11\/pegatina_no-me-digas_foto-300x300.jpg\" alt=\"pegatina_no-me-digas_foto\" \/><\/figure>\n<figure><img decoding=\"async\" src=\"https:\/\/catusbastet.com\/wp-content\/uploads\/2021\/11\/pegatina_siempre-cansadxs_foto-300x300.jpg\" alt=\"pegatina_siempre-cansadxs_foto\" \/><\/figure>\n<p>\t\t\t\t\t\t\t\t\t\t\t\tAnterior<br \/>\n\t\t\t\t\t\t\t\t\t\t\t\tSiguiente<br \/>\n\t\t\t<a href=\"https:\/\/catusbastet.com\/?product_cat=pegatinas\" role=\"button\"><br \/>\n\t\t\t\t\t\t\u00a1Quiero pegatinas!<br \/>\n\t\t\t\t\t<\/a><\/p>\n<h1><a href=\"https:\/\/catusbastet.com\/?product_tag=riot-imaginarios-feministas\">RIOT Imaginarios Feministas<\/a><\/h1>\n<p style=\"text-align: center;\"><em>RIOT imaginarios feministas es un proyecto d.i.y., punk y autogestionado, que cree en la necesidad de imaginarios propios feministas y en las cosas hechas desde abajo, con amor del bueno y mucha rebeld\u00eda&#8230;<\/em><\/p>\n<figure><img decoding=\"async\" src=\"https:\/\/catusbastet.com\/wp-content\/uploads\/2021\/04\/calcetines_akelarre_foto1-300x300.jpg\" alt=\"calcetines_akelarre_foto1\" \/><\/figure>\n<figure><img decoding=\"async\" src=\"https:\/\/catusbastet.com\/wp-content\/uploads\/2021\/04\/calcetines_marika_foto1-300x300.jpg\" alt=\"calcetines_marika_foto1\" \/><\/figure>\n<figure><img decoding=\"async\" src=\"https:\/\/catusbastet.com\/wp-content\/uploads\/2021\/04\/calcetines_queer_foto2-300x300.jpg\" alt=\"calcetines_queer_foto2\" \/><\/figure>\n<figure><img decoding=\"async\" src=\"https:\/\/catusbastet.com\/wp-content\/uploads\/2021\/04\/calcetines_ride-like-a-girl_foto1-300x300.jpg\" alt=\"calcetines_ride-like-a-girl_foto1\" \/><\/figure>\n<figure><img decoding=\"async\" src=\"https:\/\/catusbastet.com\/wp-content\/uploads\/2021\/04\/calcetines_riot_foto1-300x300.jpg\" alt=\"calcetines_riot_foto1\" \/><\/figure>\n<figure><img decoding=\"async\" src=\"https:\/\/catusbastet.com\/wp-content\/uploads\/2021\/04\/calcetines_smash-the-patriarchy_foto1-300x300.jpg\" alt=\"calcetines_smash-the-patriarchy_foto1\" \/><\/figure>\n<figure><img decoding=\"async\" src=\"https:\/\/catusbastet.com\/wp-content\/uploads\/2021\/04\/calcetines_sororidad_foto1-300x300.jpg\" alt=\"calcetines_sororidad_foto1\" \/><\/figure>\n<figure><img decoding=\"async\" src=\"https:\/\/catusbastet.com\/wp-content\/uploads\/2021\/04\/calcetines_tomboy_foto2-300x300.jpg\" alt=\"calcetines_tomboy_foto2\" \/><\/figure>\n<figure><img decoding=\"async\" src=\"https:\/\/catusbastet.com\/wp-content\/uploads\/2022\/06\/calcetines_burn_foto-300x300.jpg\" alt=\"calcetines_burn_foto\" \/><\/figure>\n<p>\t\t\t\t\t\t\t\t\t\t\t\tAnterior<br \/>\n\t\t\t\t\t\t\t\t\t\t\t\tSiguiente<\/p>\n<h1>\u00a1Nuestros calcetines Orgullo!<\/h1>\n<p>\t\t\t<a href=\"https:\/\/catusbastet.com\/?product_cat=calcetines\" role=\"button\"><br \/>\n\t\t\t\t\t\tO ve todos nuestros calcetines<br \/>\n\t\t\t\t\t<\/a><br \/>\n\t\t\t\t\t\t\t\t\t\t\t\t\t\t\t<img decoding=\"async\" width=\"150\" height=\"150\" src=\"https:\/\/catusbastet.com\/wp-content\/uploads\/2019\/10\/cropped-Icono-150x150.png\" alt=\"\" loading=\"lazy\" srcset=\"https:\/\/i0.wp.com\/catusbastet.com\/wp-content\/uploads\/2019\/10\/cropped-Icono.png?resize=150%2C150&amp;ssl=1 150w, https:\/\/i0.wp.com\/catusbastet.com\/wp-content\/uploads\/2019\/10\/cropped-Icono.png?resize=300%2C300&amp;ssl=1 300w, https:\/\/i0.wp.com\/catusbastet.com\/wp-content\/uploads\/2019\/10\/cropped-Icono.png?resize=324%2C324&amp;ssl=1 324w, https:\/\/i0.wp.com\/catusbastet.com\/wp-content\/uploads\/2019\/10\/cropped-Icono.png?resize=416%2C416&amp;ssl=1 416w, https:\/\/i0.wp.com\/catusbastet.com\/wp-content\/uploads\/2019\/10\/cropped-Icono.png?resize=100%2C100&amp;ssl=1 100w, https:\/\/i0.wp.com\/catusbastet.com\/wp-content\/uploads\/2019\/10\/cropped-Icono.png?resize=270%2C270&amp;ssl=1 270w, https:\/\/i0.wp.com\/catusbastet.com\/wp-content\/uploads\/2019\/10\/cropped-Icono.png?resize=192%2C192&amp;ssl=1 192w, https:\/\/i0.wp.com\/catusbastet.com\/wp-content\/uploads\/2019\/10\/cropped-Icono.png?resize=180%2C180&amp;ssl=1 180w, https:\/\/i0.wp.com\/catusbastet.com\/wp-content\/uploads\/2019\/10\/cropped-Icono.png?resize=32%2C32&amp;ssl=1 32w, https:\/\/i0.wp.com\/catusbastet.com\/wp-content\/uploads\/2019\/10\/cropped-Icono.png?w=512&amp;ssl=1 512w\" sizes=\"auto, (max-width: 150px) 100vw, 150px\" \/>\t\t\t\t\t\t\t\t\t\t\t\t\t\t\t<\/p>\n<h2>Sobre Nosotras<\/h2>\n<p>Catus Bastet es un proyecto autogestionado de dise\u00f1o e ilustraci\u00f3n que gira en torno al feminismo y lo cuir principalmente, aunque no exclusivamente. Tratamos de aportar desde nuestra perspectiva (una m\u00e1s) al imaginario colectivo y ofrecer productos dirigidos a personas con las que compartimos ideas, experiencias, y otros aspectos.<\/p>\n","protected":false},"excerpt":{"rendered":"<p>Pago con tarjeta Pago por transferencia Recogida local (Madrid) Env\u00edo gratis en compras a partir de 75\u20ac Env\u00edos dentro del estado Nuestras camisetas, las de siempre y novedades Dale aqu\u00ed para verlas todas Anterior Siguiente \u00bfTe gustan las pegatinas? A nosotras nos encantan, y por eso en nuestra tienda puedes encontrar mucha variedad, tanto de [&hellip;]<\/p>\n","protected":false},"author":2,"featured_media":0,"parent":0,"menu_order":0,"comment_status":"closed","ping_status":"closed","template":"elementor_header_footer","meta":{"site-sidebar-layout":"no-sidebar","site-content-layout":"page-builder","ast-site-content-layout":"default","site-content-style":"default","site-sidebar-style":"default","ast-global-header-display":"","ast-banner-title-visibility":"","ast-main-header-display":"","ast-hfb-above-header-display":"","ast-hfb-below-header-display":"","ast-hfb-mobile-header-display":"","site-post-title":"","ast-breadcrumbs-content":"","ast-featured-img":"","footer-sml-layout":"","ast-disable-related-posts":"","theme-transparent-header-meta":"default","adv-header-id-meta":"","stick-header-meta":"","header-above-stick-meta":"","header-main-stick-meta":"","header-below-stick-meta":"","astra-migrate-meta-layouts":"default","ast-page-background-enabled":"default","ast-page-background-meta":{"desktop":{"background-color":"","background-image":"","background-repeat":"repeat","background-position":"center center","background-size":"auto","background-attachment":"scroll","background-type":"","background-media":"","overlay-type":"","overlay-color":"","overlay-opacity":"","overlay-gradient":""},"tablet":{"background-color":"","background-image":"","background-repeat":"repeat","background-position":"center center","background-size":"auto","background-attachment":"scroll","background-type":"","background-media":"","overlay-type":"","overlay-color":"","overlay-opacity":"","overlay-gradient":""},"mobile":{"background-color":"","background-image":"","background-repeat":"repeat","background-position":"center center","background-size":"auto","background-attachment":"scroll","background-type":"","background-media":"","overlay-type":"","overlay-color":"","overlay-opacity":"","overlay-gradient":""}},"ast-content-background-meta":{"desktop":{"background-color":"var(--ast-global-color-5)","background-image":"","background-repeat":"repeat","background-position":"center center","background-size":"auto","background-attachment":"scroll","background-type":"","background-media":"","overlay-type":"","overlay-color":"","overlay-opacity":"","overlay-gradient":""},"tablet":{"background-color":"var(--ast-global-color-5)","background-image":"","background-repeat":"repeat","background-position":"center center","background-size":"auto","background-attachment":"scroll","background-type":"","background-media":"","overlay-type":"","overlay-color":"","overlay-opacity":"","overlay-gradient":""},"mobile":{"background-color":"var(--ast-global-color-5)","background-image":"","background-repeat":"repeat","background-position":"center center","background-size":"auto","background-attachment":"scroll","background-type":"","background-media":"","overlay-type":"","overlay-color":"","overlay-opacity":"","overlay-gradient":""}},"footnotes":""},"class_list":["post-1488","page","type-page","status-publish","hentry"],"_links":{"self":[{"href":"https:\/\/catusbastet.com\/index.php?rest_route=\/wp\/v2\/pages\/1488","targetHints":{"allow":["GET"]}}],"collection":[{"href":"https:\/\/catusbastet.com\/index.php?rest_route=\/wp\/v2\/pages"}],"about":[{"href":"https:\/\/catusbastet.com\/index.php?rest_route=\/wp\/v2\/types\/page"}],"author":[{"embeddable":true,"href":"https:\/\/catusbastet.com\/index.php?rest_route=\/wp\/v2\/users\/2"}],"replies":[{"embeddable":true,"href":"https:\/\/catusbastet.com\/index.php?rest_route=%2Fwp%2Fv2%2Fcomments&post=1488"}],"version-history":[{"count":5,"href":"https:\/\/catusbastet.com\/index.php?rest_route=\/wp\/v2\/pages\/1488\/revisions"}],"predecessor-version":[{"id":8563,"href":"https:\/\/catusbastet.com\/index.php?rest_route=\/wp\/v2\/pages\/1488\/revisions\/8563"}],"wp:attachment":[{"href":"https:\/\/catusbastet.com\/index.php?rest_route=%2Fwp%2Fv2%2Fmedia&parent=1488"}],"curies":[{"name":"wp","href":"https:\/\/api.w.org\/{rel}","templated":true}]}}